{"id":1454,"date":"2022-06-02T11:23:07","date_gmt":"2022-06-02T11:23:07","guid":{"rendered":"https:\/\/elastic-ishizaka.82-98-170-154.plesk.page\/?page_id=1454"},"modified":"2022-07-27T08:18:24","modified_gmt":"2022-07-27T08:18:24","slug":"faqs","status":"publish","type":"page","link":"https:\/\/elastic-ishizaka.82-98-170-154.plesk.page\/index.php\/faqs\/","title":{"rendered":"FAQs"},"content":{"rendered":"<style>#kt-layout-id_bbf99d-fb > .kt-row-column-wrap{align-content:start;}:where(#kt-layout-id_bbf99d-fb > .kt-row-column-wrap) > .wp-block-kadence-column{justify-content:start;}#kt-layout-id_bbf99d-fb > .kt-row-column-wrap{column-gap:80px;row-gap:var(--global-kb-gap-md, 2rem);max-width:var( --global-content-width, 1290px );padding-left:var(--global-content-edge-padding);padding-right:var(--global-content-edge-padding);padding-top:var( --global-kb-row-default-top, 25px );padding-bottom:var( --global-kb-row-default-bottom, 25px );padding-top:80px;padding-bottom:80px;grid-template-columns:minmax(0, 1fr) minmax(0, 2fr);}#kt-layout-id_bbf99d-fb > .kt-row-layout-overlay{opacity:0.30;}@media all and (max-width: 1024px){#kt-layout-id_bbf99d-fb > .kt-row-column-wrap{grid-template-columns:repeat(2, minmax(0, 1fr));}}@media all and (max-width: 767px){#kt-layout-id_bbf99d-fb > .kt-row-column-wrap{grid-template-columns:minmax(0, 1fr);}}<\/style>\n<div class=\"wp-block-kadence-rowlayout alignnone\"><div id=\"kt-layout-id_bbf99d-fb\" class=\"kt-row-layout-inner kt-layout-id_bbf99d-fb\"><div class=\"kt-row-column-wrap kt-has-2-columns kt-gutter-widest kt-v-gutter-default kt-row-valign-top kt-row-layout-right-golden kt-tab-layout-inherit kt-m-colapse-left-to-right kt-mobile-layout-row kb-theme-content-width\"><style>.kadence-column_dd8b64-2e > .kt-inside-inner-col{border-top-width:0px;border-right-width:0px;border-bottom-width:0px;border-left-width:0px;}.kadence-column_dd8b64-2e > .kt-inside-inner-col,.kadence-column_dd8b64-2e > .kt-inside-inner-col:before{border-top-left-radius:0px;border-top-right-radius:0px;border-bottom-right-radius:0px;border-bottom-left-radius:0px;}.kadence-column_dd8b64-2e > .kt-inside-inner-col:before{opacity:0.3;}.kadence-column_dd8b64-2e{position:relative;}<\/style>\n<div class=\"wp-block-kadence-column inner-column-1 kadence-column_dd8b64-2e\"><div class=\"kt-inside-inner-col\"><style>.wp-block-kadence-advancedheading.kt-adv-heading_bf4157-d9, .wp-block-kadence-advancedheading.kt-adv-heading_bf4157-d9[data-kb-block=\"kb-adv-heading_bf4157-d9\"]{font-size:42px;line-height:48px;font-style:normal;}.wp-block-kadence-advancedheading.kt-adv-heading_bf4157-d9 mark, .wp-block-kadence-advancedheading.kt-adv-heading_bf4157-d9[data-kb-block=\"kb-adv-heading_bf4157-d9\"] mark{font-style:normal;color:#f76a0c;padding-top:0px;padding-right:0px;padding-bottom:0px;padding-left:0px;}<\/style>\n<h2 class=\"kt-adv-heading_bf4157-d9 wp-block-kadence-advancedheading has-theme-palette-3-color has-text-color\" data-kb-block=\"kb-adv-heading_bf4157-d9\">Frequently <br>Asked <br>Questions<\/h2>\n\n\n<style>.wp-block-kadence-advancedheading.kt-adv-heading_5805a4-99, .wp-block-kadence-advancedheading.kt-adv-heading_5805a4-99[data-kb-block=\"kb-adv-heading_5805a4-99\"]{font-size:17px;font-style:normal;}.wp-block-kadence-advancedheading.kt-adv-heading_5805a4-99 mark, .wp-block-kadence-advancedheading.kt-adv-heading_5805a4-99[data-kb-block=\"kb-adv-heading_5805a4-99\"] mark{font-style:normal;color:#f76a0c;padding-top:0px;padding-right:0px;padding-bottom:0px;padding-left:0px;}<\/style>\n<p class=\"kt-adv-heading_5805a4-99 wp-block-kadence-advancedheading has-theme-palette-5-color has-text-color\" data-kb-block=\"kb-adv-heading_5805a4-99\">Resolvemos algunas preguntas y respuestas sobre FibroScan\u00ae:<\/p>\n\n\n<style>.wp-block-kadence-advancedbtn.kb-btns_d5b8d3-73{gap:var(--global-kb-gap-xs, 0.5rem );justify-content:flex-start;align-items:center;}.kt-btns_d5b8d3-73 .kt-button{font-weight:normal;font-style:normal;}.kt-btns_d5b8d3-73 .kt-btn-wrap-0{margin-right:5px;}.wp-block-kadence-advancedbtn.kt-btns_d5b8d3-73 .kt-btn-wrap-0 .kt-button{background:var(--global-palette1, #3182CE);}.wp-block-kadence-advancedbtn.kt-btns_d5b8d3-73 .kt-btn-wrap-0 .kt-button::before{display:none;}<\/style>\n<div class=\"wp-block-kadence-advancedbtn kt-btn-align-left kt-btn-tablet-align-inherit kt-btn-mobile-align-inherit kt-btns-wrap kt-btns_d5b8d3-73\"><div class=\"kt-btn-wrap kt-btn-wrap-0\"><a class=\"kt-button button kt-btn-0-action kt-btn-size-standard kt-btn-style-basic kt-btn-svg-show-always kt-btn-has-text-true kt-btn-has-svg-false kb-btn-global-inherit wp-block-button__link\" href=\"https:\/\/elastic-ishizaka.82-98-170-154.plesk.page\/index.php\/contacto\/#enviar-formulario\"><span class=\"kt-btn-inner-text\">necesito m\u00e1s ayuda<\/span><\/a><\/div><\/div>\n<\/div><\/div>\n\n\n<style>.kadence-column_0f1c42-08 > .kt-inside-inner-col{border-top-width:0px;border-right-width:0px;border-bottom-width:0px;border-left-width:0px;}.kadence-column_0f1c42-08 > .kt-inside-inner-col,.kadence-column_0f1c42-08 > .kt-inside-inner-col:before{border-top-left-radius:0px;border-top-right-radius:0px;border-bottom-right-radius:0px;border-bottom-left-radius:0px;}.kadence-column_0f1c42-08 > .kt-inside-inner-col:before{opacity:0.3;}.kadence-column_0f1c42-08{position:relative;}<\/style>\n<div class=\"wp-block-kadence-column inner-column-2 kadence-column_0f1c42-08\"><div class=\"kt-inside-inner-col\"><style>.kt-accordion-id_bd9b1d-3d .kt-accordion-panel-inner{border-top-width:0px;border-right-width:1px;border-bottom-width:1px;border-left-width:1px;border-color:var(--global-palette9, #ffffff);padding-top:20px;padding-right:20px;padding-bottom:20px;padding-left:50px;}.kt-accordion-id_bd9b1d-3d .wp-block-kadence-pane .kt-accordion-header-wrap .kt-blocks-accordion-header{border-top-color:var(--global-palette8, #F7FAFC);border-right-color:var(--global-palette8, #F7FAFC);border-bottom-color:var(--global-palette8, #F7FAFC);border-left-color:var(--global-palette8, #F7FAFC);border-top-width:0px;border-right-width:0px;border-bottom-width:0px;border-left-width:0px;border-top-left-radius:7px;border-top-right-radius:7px;border-bottom-right-radius:7px;border-bottom-left-radius:7px;background:var(--global-palette8, #F7FAFC);font-size:15px;line-height:24px;color:var(--global-palette3, #1A202C);padding-top:14px;padding-right:16px;padding-bottom:14px;padding-left:16px;}.kt-accordion-wrap.kt-accordion-id_bd9b1d-3d > .kt-accordion-inner-wrap > .kt-accordion-pane > .kt-accordion-header-wrap{margin-top:10px;}.single-content .wp-block-kadence-pane>h2:first-child,\n\t\t\t.single-content .wp-block-kadence-pane>h3:first-child,\n\t\t\t.single-content .wp-block-kadence-pane>h4:first-child,\n\t\t\t.single-content .wp-block-kadence-pane>h5:first-child,\n\t\t\t.single-content .wp-block-kadence-pane>h6:first-child{margin-top:10px;}.kt-accordion-id_bd9b1d-3d:not( .kt-accodion-icon-style-basiccircle ):not( .kt-accodion-icon-style-xclosecircle ):not( .kt-accodion-icon-style-arrowcircle ) .kt-blocks-accordion-icon-trigger:after, .kt-accordion-id_bd9b1d-3d:not( .kt-accodion-icon-style-basiccircle ):not( .kt-accodion-icon-style-xclosecircle ):not( .kt-accodion-icon-style-arrowcircle ) .kt-blocks-accordion-icon-trigger:before{background:var(--global-palette3, #1A202C);}.kt-accordion-id_bd9b1d-3d:not( .kt-accodion-icon-style-basic ):not( .kt-accodion-icon-style-xclose ):not( .kt-accodion-icon-style-arrow ) .kt-blocks-accordion-icon-trigger{background:var(--global-palette3, #1A202C);}.kt-accordion-id_bd9b1d-3d:not( .kt-accodion-icon-style-basic ):not( .kt-accodion-icon-style-xclose ):not( .kt-accodion-icon-style-arrow ) .kt-blocks-accordion-icon-trigger:after, .kt-accordion-id_bd9b1d-3d:not( .kt-accodion-icon-style-basic ):not( .kt-accodion-icon-style-xclose ):not( .kt-accodion-icon-style-arrow ) .kt-blocks-accordion-icon-trigger:before{background:var(--global-palette8, #F7FAFC);}.kt-accordion-id_bd9b1d-3d .kt-accordion-header-wrap .kt-blocks-accordion-header:hover, body:not(.hide-focus-outline) .kt-accordion-id_bd9b1d-3d .kt-accordion-header-wrap .kt-blocks-accordion-header:focus{color:var(--global-palette9, #ffffff);background:var(--global-palette5, #4A5568);}.kt-accordion-id_bd9b1d-3d:not( .kt-accodion-icon-style-basiccircle ):not( .kt-accodion-icon-style-xclosecircle ):not( .kt-accodion-icon-style-arrowcircle ) .kt-blocks-accordion-header:hover .kt-blocks-accordion-icon-trigger:after, .kt-accordion-id_bd9b1d-3d:not( .kt-accodion-icon-style-basiccircle ):not( .kt-accodion-icon-style-xclosecircle ):not( .kt-accodion-icon-style-arrowcircle ) .kt-blocks-accordion-header:hover .kt-blocks-accordion-icon-trigger:before, body:not(.hide-focus-outline) .kt-accordion-id_bd9b1d-3d:not( .kt-accodion-icon-style-basiccircle ):not( .kt-accodion-icon-style-xclosecircle ):not( .kt-accodion-icon-style-arrowcircle ) .kt-blocks-accordion-header:focus .kt-blocks-accordion-icon-trigger:after, body:not(.hide-focus-outline) .kt-accordion-id_bd9b1d-3d:not( .kt-accodion-icon-style-basiccircle ):not( .kt-accodion-icon-style-xclosecircle ):not( .kt-accodion-icon-style-arrowcircle ) .kt-blocks-accordion-header:focus .kt-blocks-accordion-icon-trigger:before{background:var(--global-palette9, #ffffff);}.kt-accordion-id_bd9b1d-3d:not( .kt-accodion-icon-style-basic ):not( .kt-accodion-icon-style-xclose ):not( .kt-accodion-icon-style-arrow ) .kt-blocks-accordion-header:hover .kt-blocks-accordion-icon-trigger, body:not(.hide-focus-outline) .kt-accordion-id_bd9b1d-3d:not( .kt-accodion-icon-style-basic ):not( .kt-accodion-icon-style-xclose ):not( .kt-accodion-icon-style-arrow ) .kt-blocks-accordion-header:focus .kt-blocks-accordion-icon-trigger{background:var(--global-palette9, #ffffff);}.kt-accordion-id_bd9b1d-3d:not( .kt-accodion-icon-style-basic ):not( .kt-accodion-icon-style-xclose ):not( .kt-accodion-icon-style-arrow ) .kt-blocks-accordion-header:hover .kt-blocks-accordion-icon-trigger:after, .kt-accordion-id_bd9b1d-3d:not( .kt-accodion-icon-style-basic ):not( .kt-accodion-icon-style-xclose ):not( .kt-accodion-icon-style-arrow ) .kt-blocks-accordion-header:hover .kt-blocks-accordion-icon-trigger:before, body:not(.hide-focus-outline) .kt-accordion-id_bd9b1d-3d:not( .kt-accodion-icon-style-basic ):not( .kt-accodion-icon-style-xclose ):not( .kt-accodion-icon-style-arrow ) .kt-blocks-accordion-header:focus .kt-blocks-accordion-icon-trigger:after, body:not(.hide-focus-outline) .kt-accordion-id_bd9b1d-3d:not( .kt-accodion-icon-style-basic ):not( .kt-accodion-icon-style-xclose ):not( .kt-accodion-icon-style-arrow ) .kt-blocks-accordion-header:focus .kt-blocks-accordion-icon-trigger:before{background:var(--global-palette5, #4A5568);}.kt-accordion-id_bd9b1d-3d .kt-accordion-header-wrap .kt-blocks-accordion-header.kt-accordion-panel-active{color:var(--global-palette9, #ffffff);background:var(--global-palette5, #4A5568);}.kt-accordion-id_bd9b1d-3d:not( .kt-accodion-icon-style-basiccircle ):not( .kt-accodion-icon-style-xclosecircle ):not( .kt-accodion-icon-style-arrowcircle ) .kt-blocks-accordion-header.kt-accordion-panel-active .kt-blocks-accordion-icon-trigger:after, .kt-accordion-id_bd9b1d-3d:not( .kt-accodion-icon-style-basiccircle ):not( .kt-accodion-icon-style-xclosecircle ):not( .kt-accodion-icon-style-arrowcircle ) .kt-blocks-accordion-header.kt-accordion-panel-active .kt-blocks-accordion-icon-trigger:before{background:var(--global-palette9, #ffffff);}.kt-accordion-id_bd9b1d-3d:not( .kt-accodion-icon-style-basic ):not( .kt-accodion-icon-style-xclose ):not( .kt-accodion-icon-style-arrow ) .kt-blocks-accordion-header.kt-accordion-panel-active .kt-blocks-accordion-icon-trigger{background:var(--global-palette9, #ffffff);}.kt-accordion-id_bd9b1d-3d:not( .kt-accodion-icon-style-basic ):not( .kt-accodion-icon-style-xclose ):not( .kt-accodion-icon-style-arrow ) .kt-blocks-accordion-header.kt-accordion-panel-active .kt-blocks-accordion-icon-trigger:after, .kt-accordion-id_bd9b1d-3d:not( .kt-accodion-icon-style-basic ):not( .kt-accodion-icon-style-xclose ):not( .kt-accodion-icon-style-arrow ) .kt-blocks-accordion-header.kt-accordion-panel-active .kt-blocks-accordion-icon-trigger:before{background:var(--global-palette5, #4A5568);}<\/style>\n<div class=\"wp-block-kadence-accordion aligncenter\"><div class=\"kt-accordion-wrap kt-accordion-wrap kt-accordion-id_bd9b1d-3d kt-accordion-has-26-panes kt-active-pane-0 kt-accordion-block kt-pane-header-alignment-left kt-accodion-icon-style-arrow kt-accodion-icon-side-left\" style=\"max-width:none\"><div class=\"kt-accordion-inner-wrap\" data-allow-multiple-open=\"false\" data-start-open=\"none\">\n<div class=\"wp-block-kadence-pane kt-accordion-pane kt-accordion-pane-17 kt-pane_2a7ddc-eb\"><div class=\"kt-accordion-header-wrap\"><button class=\"kt-blocks-accordion-header kt-acccordion-button-label-show\"><span class=\"kt-blocks-accordion-title-wrap\"><span class=\"kt-blocks-accordion-title\">\u00bfC\u00f3mo adjuntar documentaci\u00f3n a la solicitud?<\/span><\/span><span class=\"kt-blocks-accordion-icon-trigger\"><\/span><\/button><\/div><div class=\"kt-accordion-panel kt-accordion-panel-hidden\"><div class=\"kt-accordion-panel-inner\">\n<p class=\"has-text-align-left has-theme-palette-5-color has-text-color\">Para subir la documentaci\u00f3n requerida para la solicitud del servicio hacer click en el bot\u00f3n adjuntar y buscar en los archivos de su ordenador.<\/p>\n<\/div><\/div><\/div>\n\n\n\n<div class=\"wp-block-kadence-pane kt-accordion-pane kt-accordion-pane-18 kt-pane_3c7e5a-cc\"><div class=\"kt-accordion-header-wrap\"><button class=\"kt-blocks-accordion-header kt-acccordion-button-label-show\"><span class=\"kt-blocks-accordion-title-wrap\"><span class=\"kt-blocks-accordion-title\">\u00bfCu\u00e1nto tiempo puedo disponer de Fibroscan en mi servicio y\/o departamento?<\/span><\/span><span class=\"kt-blocks-accordion-icon-trigger\"><\/span><\/button><\/div><div class=\"kt-accordion-panel kt-accordion-panel-hidden\"><div class=\"kt-accordion-panel-inner\">\n<p class=\"has-text-align-left\"><strong>Servicio Fibroscan XL<\/strong>: Las reservas se realizan de lunes a viernes con entrega y recogida entre 10:00-12:00 h. Se recomienda no citar pacientes antes de las 12:00 h del lunes ni despu\u00e9s de las 10:00 h del viernes.<br><strong>Servicio Fibroscan M<\/strong>: reservas de d\u00edas sueltos. Entrega 8:30 h y recogida entre 13:00-14:00 h.<br><br>Para m\u00e1s informaci\u00f3n p\u00f3ngase en  contacto con la secretar\u00eda t\u00e9cnica en <a href=\"mailto:hepatoscan@sepd.es\">hepatoscan@sepd.es<\/a><\/p>\n<\/div><\/div><\/div>\n\n\n\n<div class=\"wp-block-kadence-pane kt-accordion-pane kt-accordion-pane-26 kt-pane_baf068-e2\"><div class=\"kt-accordion-header-wrap\"><button class=\"kt-blocks-accordion-header kt-acccordion-button-label-show\"><span class=\"kt-blocks-accordion-title-wrap\"><span class=\"kt-blocks-accordion-title\">\u00bfC\u00f3mo gestionar el contrato?<\/span><\/span><span class=\"kt-blocks-accordion-icon-trigger\"><\/span><\/button><\/div><div class=\"kt-accordion-panel kt-accordion-panel-hidden\"><div class=\"kt-accordion-panel-inner\">\n<p class=\"has-text-align-left\">El contrato se descargar\u00e1 desde el formulario de registro de la web. Ser\u00e1 cumplimentado y firmado por el responsable legal del centro (puede ser con firma electr\u00f3nica o bien manuscrita).<br>Posteriormente se adjuntar\u00e1 a la web.<br><br>Para m\u00e1s informaci\u00f3n p\u00f3ngase en contacto con la secretar\u00eda t\u00e9cnica en <a href=\"mailto:hepatoscan@sepd.es\">hepatoscan@sepd.es<\/a><\/p>\n<\/div><\/div><\/div>\n\n\n\n<div class=\"wp-block-kadence-pane kt-accordion-pane kt-accordion-pane-19 kt-pane_fa4f41-d1\"><div class=\"kt-accordion-header-wrap\"><button class=\"kt-blocks-accordion-header kt-acccordion-button-label-show\"><span class=\"kt-blocks-accordion-title-wrap\"><span class=\"kt-blocks-accordion-title\">\u00bfQui\u00e9n puede firmar el contrato para que su centro participe en el Proyecto Hepatoscan?<\/span><\/span><span class=\"kt-blocks-accordion-icon-trigger\"><\/span><\/button><\/div><div class=\"kt-accordion-panel kt-accordion-panel-hidden\"><div class=\"kt-accordion-panel-inner\">\n<p class=\"has-text-align-left\">Un representante legal que pueda actuar en nombre del centro en actos jur\u00eddicos. Para que tales actos surtan efecto, el representante deber\u00e1 acreditar su cualidad de <a href=\"http:\/\/www.apoderadodev.es\/\">apoderado<\/a> de la instituci\u00f3n a trav\u00e9s de un poder notarial.<\/p>\n<\/div><\/div><\/div>\n\n\n\n<div class=\"wp-block-kadence-pane kt-accordion-pane kt-accordion-pane-20 kt-pane_f0fa6d-e3\"><div class=\"kt-accordion-header-wrap\"><button class=\"kt-blocks-accordion-header kt-acccordion-button-label-show\"><span class=\"kt-blocks-accordion-title-wrap\"><span class=\"kt-blocks-accordion-title\">\u00bfQu\u00e9 es y para qu\u00e9 sirve un poder notarial?<\/span><\/span><span class=\"kt-blocks-accordion-icon-trigger\"><\/span><\/button><\/div><div class=\"kt-accordion-panel kt-accordion-panel-hidden\"><div class=\"kt-accordion-panel-inner\">\n<p class=\"has-text-align-left\">Un poder notarial es la autorizaci\u00f3n bajo la cual una persona f\u00edsica o jur\u00eddica designa a otra como representante legal. Seg\u00fan el tipo de poder, este representante podr\u00e1 obrar en determinados actos jur\u00eddicos y bajo distintos contextos y marcos de actuaci\u00f3n. Por lo tanto se deber\u00e1 presentar el poder notarial de la persona que firma el contrato presentado.<\/p>\n<\/div><\/div><\/div>\n\n\n\n<div class=\"wp-block-kadence-pane kt-accordion-pane kt-accordion-pane-21 kt-pane_89800b-8c\"><div class=\"kt-accordion-header-wrap\"><button class=\"kt-blocks-accordion-header kt-acccordion-button-label-show\"><span class=\"kt-blocks-accordion-title-wrap\"><span class=\"kt-blocks-accordion-title\">\u00bfDe qui\u00e9n es el DNI que se solicita?<\/span><\/span><span class=\"kt-blocks-accordion-icon-trigger\"><\/span><\/button><\/div><div class=\"kt-accordion-panel kt-accordion-panel-hidden\"><div class=\"kt-accordion-panel-inner\">\n<p class=\"has-text-align-left\">El DNI solicitado es el del apoderado del centro que firma el contrato.<\/p>\n<\/div><\/div><\/div>\n\n\n\n<div class=\"wp-block-kadence-pane kt-accordion-pane kt-accordion-pane-22 kt-pane_82900a-af\"><div class=\"kt-accordion-header-wrap\"><button class=\"kt-blocks-accordion-header kt-acccordion-button-label-show\"><span class=\"kt-blocks-accordion-title-wrap\"><span class=\"kt-blocks-accordion-title\">Poseo conocimientos para manejar un equipo Fibroscan pero no tengo un diploma, \u00bfc\u00f3mo lo consigo?<\/span><\/span><span class=\"kt-blocks-accordion-icon-trigger\"><\/span><\/button><\/div><div class=\"kt-accordion-panel kt-accordion-panel-hidden\"><div class=\"kt-accordion-panel-inner\">\n<p class=\"has-text-align-left\">P\u00f3ngase en contacto con la secretar\u00eda t\u00e9cnica en <a href=\"mailto:hepatoscan@sepd.es\">hepatoscan@sepd.es<\/a> solicitando esta gesti\u00f3n.<\/p>\n<\/div><\/div><\/div>\n\n\n\n<div class=\"wp-block-kadence-pane kt-accordion-pane kt-accordion-pane-23 kt-pane_9059b7-62\"><div class=\"kt-accordion-header-wrap\"><button class=\"kt-blocks-accordion-header kt-acccordion-button-label-show\"><span class=\"kt-blocks-accordion-title-wrap\"><span class=\"kt-blocks-accordion-title\">\u00bfTiene que disponer mi centro de un seguro a terceros? \u00bfEst\u00e1 el equipo asegurado?<\/span><\/span><span class=\"kt-blocks-accordion-icon-trigger\"><\/span><\/button><\/div><div class=\"kt-accordion-panel kt-accordion-panel-hidden\"><div class=\"kt-accordion-panel-inner\">\n<p class=\"has-text-align-left\">El FibroScan\u00ae est\u00e1 asegurado. No obstante se ruega hacer un buen uso del mismo durante la estancia en su centro.<\/p>\n\n\n\n<p class=\"has-text-align-left\">Si detectara alguna anomal\u00eda, p\u00f3ngase en contacto con la secretar\u00eda t\u00e9cnica en <a href=\"mailto:hepatoscan@sepd.es\">hepatoscan@sepd.es<\/a>.<\/p>\n<\/div><\/div><\/div>\n\n\n\n<div class=\"wp-block-kadence-pane kt-accordion-pane kt-accordion-pane-24 kt-pane_f27c78-41\"><div class=\"kt-accordion-header-wrap\"><button class=\"kt-blocks-accordion-header kt-acccordion-button-label-show\"><span class=\"kt-blocks-accordion-title-wrap\"><span class=\"kt-blocks-accordion-title\">\u00bfQui\u00e9n se encarga del mantenimiento?<\/span><\/span><span class=\"kt-blocks-accordion-icon-trigger\"><\/span><\/button><\/div><div class=\"kt-accordion-panel kt-accordion-panel-hidden\"><div class=\"kt-accordion-panel-inner\">\n<p class=\"has-text-align-left\">Echosens, la empresa comercializadora del equipo FibroScan\u00ae, es la encargada de realizar el mantenimiento y calibraci\u00f3n. Si mientras est\u00e1 en su posesi\u00f3n el equipo FibroScan\u00ae, aparece un aviso de necesidad de calibraci\u00f3n, comun\u00edquelo a la mayor brevedad posible a <a href=\"mailto:hepatoscan@sepd.es\">hepatoscan@sepd.es<\/a> para valorar su env\u00edo a mantenimiento.<\/p>\n\n\n\n<p class=\"has-text-align-left\">Los usuarios deber\u00e1n colaborar con un mantenimiento b\u00e1sico haciendo un uso responsable, dejando limpia la sonda y realizando un borrado de la informaci\u00f3n de los pacientes antes de su devoluci\u00f3n.<\/p>\n\n\n\n<p class=\"has-text-align-left\">Los usuarios deber\u00e1n asegurarse de que quedan guardados todos los componentes del Fibroscan\u00ae tras su uso: equipo, sonda\/s, cable de petaca, cable de alimentaci\u00f3n petaca y soportes de la sonda\/s: 2 redondas y 1 ovalada.<\/p>\n<\/div><\/div><\/div>\n<\/div><\/div><\/div>\n<\/div><\/div>\n<\/div><\/div><\/div>\n\n\n\n<p><\/p>\n","protected":false},"excerpt":{"rendered":"<p>Frequently Asked Questions Resolvemos algunas preguntas y respuestas sobre FibroScan\u00ae:<\/p>\n","protected":false},"author":1,"featured_media":0,"parent":0,"menu_order":0,"comment_status":"closed","ping_status":"closed","template":"","meta":{"_kad_post_transparent":"","_kad_post_title":"","_kad_post_layout":"","_kad_post_sidebar_id":"","_kad_post_content_style":"","_kad_post_vertical_padding":"","_kad_post_feature":"","_kad_post_feature_position":"","_kad_post_header":false,"_kad_post_footer":false,"footnotes":""},"class_list":["post-1454","page","type-page","status-publish","hentry"],"_links":{"self":[{"href":"https:\/\/elastic-ishizaka.82-98-170-154.plesk.page\/index.php\/wp-json\/wp\/v2\/pages\/1454","targetHints":{"allow":["GET"]}}],"collection":[{"href":"https:\/\/elastic-ishizaka.82-98-170-154.plesk.page\/index.php\/wp-json\/wp\/v2\/pages"}],"about":[{"href":"https:\/\/elastic-ishizaka.82-98-170-154.plesk.page\/index.php\/wp-json\/wp\/v2\/types\/page"}],"author":[{"embeddable":true,"href":"https:\/\/elastic-ishizaka.82-98-170-154.plesk.page\/index.php\/wp-json\/wp\/v2\/users\/1"}],"replies":[{"embeddable":true,"href":"https:\/\/elastic-ishizaka.82-98-170-154.plesk.page\/index.php\/wp-json\/wp\/v2\/comments?post=1454"}],"version-history":[{"count":26,"href":"https:\/\/elastic-ishizaka.82-98-170-154.plesk.page\/index.php\/wp-json\/wp\/v2\/pages\/1454\/revisions"}],"predecessor-version":[{"id":1691,"href":"https:\/\/elastic-ishizaka.82-98-170-154.plesk.page\/index.php\/wp-json\/wp\/v2\/pages\/1454\/revisions\/1691"}],"wp:attachment":[{"href":"https:\/\/elastic-ishizaka.82-98-170-154.plesk.page\/index.php\/wp-json\/wp\/v2\/media?parent=1454"}],"curies":[{"name":"wp","href":"https:\/\/api.w.org\/{rel}","templated":true}]}}